{"id":7163,"date":"2018-09-13T12:56:02","date_gmt":"2018-09-13T10:56:02","guid":{"rendered":"https:\/\/adox.eu\/Photo\/?page_id=7163"},"modified":"2021-06-06T18:39:08","modified_gmt":"2021-06-06T16:39:08","slug":"adox-snap-on-rotfilter","status":"publish","type":"page","link":"https:\/\/www.adox.de\/adox-snap-on-rotfilter\/","title":{"rendered":"ADOX *SNAP ON* IR 2X Infrarotdurchlassfilter ab 600nm"},"content":{"rendered":"\t\t<div data-elementor-type=\"wp-page\" data-elementor-id=\"7163\" class=\"elementor elementor-7163\">\n\t\t\t\t\t\t<section class=\"elementor-section elementor-top-section elementor-element elementor-element-721cd539 elementor-section-boxed elementor-section-height-default elementor-section-height-default parallax_section_no qode_elementor_container_no\" data-id=\"721cd539\" data-element_type=\"section\" data-e-type=\"section\">\n\t\t\t\t\t\t<div class=\"elementor-container elementor-column-gap-default\">\n\t\t\t\t\t<div class=\"elementor-column elementor-col-100 elementor-top-column elementor-element elementor-element-16820656\" data-id=\"16820656\" data-element_type=\"column\" data-e-type=\"column\">\n\t\t\t<div class=\"elementor-widget-wrap elementor-element-populated\">\n\t\t\t\t\t\t<div class=\"elementor-element elementor-element-3b287447 elementor-widget elementor-widget-text-editor\" data-id=\"3b287447\" data-element_type=\"widget\" data-e-type=\"widget\" data-widget_type=\"text-editor.default\">\n\t\t\t\t<div class=\"elementor-widget-container\">\n\t\t\t\t\t\t\t\t\t\n<div class=\"wp-block-columns is-layout-flex wp-container-core-columns-is-layout-9d6595d7 wp-block-columns-is-layout-flex\">\n<div class=\"wp-block-column is-layout-flow wp-block-column-is-layout-flow\" style=\"flex-basis:33.33%\">\n<figure class=\"wp-block-image size-large\"><a href=\"http:\/\/www.adox.eu\/Photo\/wp-content\/uploads\/2018\/09\/ADOX_IR-2X-1.jpg\"><img fetchpriority=\"high\" decoding=\"async\" width=\"1024\" height=\"1024\" src=\"http:\/\/www.adox.eu\/Photo\/wp-content\/uploads\/2018\/09\/ADOX_IR-2X-1-1024x1024.jpg\" alt=\"\" class=\"wp-image-7168\" srcset=\"https:\/\/www.adox.de\/wp-content\/uploads\/2018\/09\/ADOX_IR-2X-1-1024x1024.jpg 1024w, https:\/\/www.adox.de\/wp-content\/uploads\/2018\/09\/ADOX_IR-2X-1-150x150.jpg 150w, https:\/\/www.adox.de\/wp-content\/uploads\/2018\/09\/ADOX_IR-2X-1-300x300.jpg 300w, https:\/\/www.adox.de\/wp-content\/uploads\/2018\/09\/ADOX_IR-2X-1-768x768.jpg 768w, https:\/\/www.adox.de\/wp-content\/uploads\/2018\/09\/ADOX_IR-2X-1-520x520.jpg 520w, https:\/\/www.adox.de\/wp-content\/uploads\/2018\/09\/ADOX_IR-2X-1-212x212.jpg 212w\" sizes=\"(max-width: 1024px) 100vw, 1024px\" \/><\/a><\/figure>\n<\/div>\n\n\n\n<div class=\"wp-block-column is-layout-flow wp-block-column-is-layout-flow\" style=\"flex-basis:66.66%\">\n<p>Die neuartigen Filter mit ihrer gesch\u00fctzten Form werden einfach mit den Z\u00e4hnen am Rand in das Filtergewinde des UV Filters oder Objektivs gedr\u00fcckt und &#8220;beissen&#8221; sich so fest. <\/p>\n\n\n\n<p><strong>Sie ben\u00f6tigen keinen Filterhalter.<\/strong><br>Der kleine Griff an der Seite erm\u00f6glicht ein m\u00fcheloses Entfernen (rrrrratsch).<br>ADOX Gelatinefilter werden aus den hochwertigen Cibachrome(R) Farbstoffen lichtecht hergestellt. <\/p>\n\n\n\n<p>Sie bleichen im Gegensatz zu herk\u00f6mmlichen Gelatinefiltern so gut wie nicht aus.<br>Die moderne ADOX Produktionsanlage in der Schweiz und das ADOX Beschichtungs-Know-How erm\u00f6glichen es zudem Gelatinefilter erstmals wasserfest herzustellen. Regentropfen oder kurzes Abwaschen sind kein Problem.<\/p>\n\n\n\n<p>ADOX IR 2x Filter: Dunkelrotfilter f\u00fcr creative Fotos. Der Himmel wird dunkler und Wasser deutlich akzentuiert. Lippen und Hautunreinheiten werden unterdr\u00fcckt.<br>Auch als leichter Infrarotfilter um den Einstieg in die Infrarotfotografie zu erleben.<br>Ideal f\u00fcr den ADOX HR-50 oder Ilford SFX Film. Der Filter hat nur einen 2-fachen Filterfaktor, das bedeutet die Belichtungszeit muss verdoppelt- oder die Blende um eine Stufe ge\u00f6ffnet werden.<br>Somit kann auch mit dem ADOX HR-50 mit 25 ASA noch aus der Hand fotografiert werden.<br>St\u00e4rkere Infrarotfilter wie wir sie z.B. von Heliopan anbieten haben Filterfaktoren von 4, 8, oder 16 und k\u00f6nnen fast ausnahmslos nur mit einem Stativ eingesetzt werden. Daf\u00fcr liefern sie mehr Infrarot-Effekt.<br>Wer mit dem ADOX Filter die faszinierende Infrarotfotografie kennen gelernt hat, kann dann sp\u00e4ter aufr\u00fcsten.<\/p>\n<\/div>\n<\/div>\n\n\n\n<figure class=\"wp-block-embed is-type-video is-provider-youtube wp-block-embed-youtube wp-embed-aspect-16-9 wp-has-aspect-ratio\"><div class=\"wp-block-embed__wrapper\">\n<iframe title=\"ADOX Gelatinefilter\" width=\"1060\" height=\"596\" src=\"https:\/\/www.youtube.com\/embed\/n40QNDBieX8?feature=oembed\" frameborder=\"0\" allow=\"accelerometer; autoplay; clipboard-write; encrypted-media; gyroscope; picture-in-picture\" allowfullscreen><\/iframe>\n<\/div><\/figure>\n\n\n\n<div class=\"wp-block-columns is-layout-flex wp-container-core-columns-is-layout-9d6595d7 wp-block-columns-is-layout-flex\">\n<div class=\"wp-block-column is-layout-flow wp-block-column-is-layout-flow\">\n<figure class=\"wp-block-image size-large\"><a href=\"http:\/\/www.adox.eu\/Photo\/wp-content\/uploads\/2018\/09\/IR-Filter2X.jpg\"><img decoding=\"async\" width=\"770\" height=\"1024\" src=\"http:\/\/www.adox.eu\/Photo\/wp-content\/uploads\/2018\/09\/IR-Filter2X-770x1024.jpg\" alt=\"\" class=\"wp-image-7205\" srcset=\"https:\/\/www.adox.de\/wp-content\/uploads\/2018\/09\/IR-Filter2X-770x1024.jpg 770w, https:\/\/www.adox.de\/wp-content\/uploads\/2018\/09\/IR-Filter2X-225x300.jpg 225w, https:\/\/www.adox.de\/wp-content\/uploads\/2018\/09\/IR-Filter2X-768x1022.jpg 768w, https:\/\/www.adox.de\/wp-content\/uploads\/2018\/09\/IR-Filter2X.jpg 1960w\" sizes=\"(max-width: 770px) 100vw, 770px\" \/><\/a><\/figure>\n<\/div>\n\n\n\n<div class=\"wp-block-column is-layout-flow wp-block-column-is-layout-flow\">\n<figure class=\"wp-block-image size-large\"><a href=\"http:\/\/www.adox.eu\/Photo\/wp-content\/uploads\/2018\/09\/HR-50_Ohne-Filter_2.jpg\"><img decoding=\"async\" width=\"770\" height=\"1024\" src=\"http:\/\/www.adox.eu\/Photo\/wp-content\/uploads\/2018\/09\/HR-50_Ohne-Filter_2-770x1024.jpg\" alt=\"\" class=\"wp-image-7202\" srcset=\"https:\/\/www.adox.de\/wp-content\/uploads\/2018\/09\/HR-50_Ohne-Filter_2-770x1024.jpg 770w, https:\/\/www.adox.de\/wp-content\/uploads\/2018\/09\/HR-50_Ohne-Filter_2-225x300.jpg 225w, https:\/\/www.adox.de\/wp-content\/uploads\/2018\/09\/HR-50_Ohne-Filter_2-768x1022.jpg 768w, https:\/\/www.adox.de\/wp-content\/uploads\/2018\/09\/HR-50_Ohne-Filter_2.jpg 1960w\" sizes=\"(max-width: 770px) 100vw, 770px\" \/><\/a><\/figure>\n<\/div>\n<\/div>\n\n\n\n<div class=\"wp-block-image\"><figure class=\"alignleft is-resized\"><img loading=\"lazy\" decoding=\"async\" src=\"https:\/\/www.adox.eu\/Photo\/wp-content\/uploads\/2018\/09\/Without-Filter-1024x675.jpg\" alt=\"\" class=\"wp-image-7177\" width=\"1131\" height=\"740\"\/><figcaption>ADOX HR-50 auf 50 ASA belichtet ohne Filter<\/figcaption><\/figure><\/div>\n\n\n\n<div class=\"wp-block-image\"><figure class=\"alignleft is-resized\"><img loading=\"lazy\" decoding=\"async\" src=\"https:\/\/www.adox.eu\/Photo\/wp-content\/uploads\/2018\/09\/Adox-Red-Filter-1024x675.jpg\" alt=\"\" class=\"wp-image-7178\" width=\"1132\" height=\"741\"\/><figcaption>ADOX HR-50 auf 25 ASA belichtet mit Rotfilter IR-2X<\/figcaption><\/figure><\/div>\n\n\n\n<p class=\"has-text-align-left\"><\/p>\n\n\n\n<div style=\"height:100px\" aria-hidden=\"true\" class=\"wp-block-spacer\"><\/div>\n\t\t\t\t\t\t\t\t<\/div>\n\t\t\t\t<\/div>\n\t\t\t\t\t<\/div>\n\t\t<\/div>\n\t\t\t\t\t<\/div>\n\t\t<\/section>\n\t\t\t\t<section class=\"elementor-section elementor-top-section elementor-element elementor-element-5b76cf5 elementor-section-boxed elementor-section-height-default elementor-section-height-default parallax_section_no qode_elementor_container_no\" data-id=\"5b76cf5\" data-element_type=\"section\" data-e-type=\"section\">\n\t\t\t\t\t\t<div class=\"elementor-container elementor-column-gap-default\">\n\t\t\t\t\t<div class=\"elementor-column elementor-col-100 elementor-top-column elementor-element elementor-element-f3b882e\" data-id=\"f3b882e\" data-element_type=\"column\" data-e-type=\"column\">\n\t\t\t<div class=\"elementor-widget-wrap elementor-element-populated\">\n\t\t\t\t\t\t<div class=\"elementor-element elementor-element-c36b49b elementor-widget elementor-widget-spacer\" data-id=\"c36b49b\" data-element_type=\"widget\" data-e-type=\"widget\" data-widget_type=\"spacer.default\">\n\t\t\t\t<div class=\"elementor-widget-container\">\n\t\t\t\t\t\t\t<div class=\"elementor-spacer\">\n\t\t\t<div class=\"elementor-spacer-inner\"><\/div>\n\t\t<\/div>\n\t\t\t\t\t\t<\/div>\n\t\t\t\t<\/div>\n\t\t\t\t\t<\/div>\n\t\t<\/div>\n\t\t\t\t\t<\/div>\n\t\t<\/section>\n\t\t\t\t<\/div>\n\t\t","protected":false},"excerpt":{"rendered":"<p>Die neuartigen Filter mit ihrer gesch\u00fctzten Form werden einfach mit den Z\u00e4hnen am Rand in das Filtergewinde des UV Filters oder Objektivs gedr\u00fcckt und &#8220;beissen&#8221; sich so fest. Sie ben\u00f6tigen keinen Filterhalter.Der kleine Griff an der Seite erm\u00f6glicht ein m\u00fcheloses Entfernen (rrrrratsch).ADOX Gelatinefilter werden aus den hochwertigen Cibachrome(R) Farbstoffen lichtecht hergestellt. Sie bleichen im Gegensatz&#8230;<\/p>\n","protected":false},"author":1,"featured_media":0,"parent":0,"menu_order":0,"comment_status":"closed","ping_status":"closed","template":"","meta":{"footnotes":""},"class_list":["post-7163","page","type-page","status-publish","hentry"],"_links":{"self":[{"href":"https:\/\/www.adox.de\/wp-json\/wp\/v2\/pages\/7163","targetHints":{"allow":["GET"]}}],"collection":[{"href":"https:\/\/www.adox.de\/wp-json\/wp\/v2\/pages"}],"about":[{"href":"https:\/\/www.adox.de\/wp-json\/wp\/v2\/types\/page"}],"author":[{"embeddable":true,"href":"https:\/\/www.adox.de\/wp-json\/wp\/v2\/users\/1"}],"replies":[{"embeddable":true,"href":"https:\/\/www.adox.de\/wp-json\/wp\/v2\/comments?post=7163"}],"version-history":[{"count":28,"href":"https:\/\/www.adox.de\/wp-json\/wp\/v2\/pages\/7163\/revisions"}],"predecessor-version":[{"id":10643,"href":"https:\/\/www.adox.de\/wp-json\/wp\/v2\/pages\/7163\/revisions\/10643"}],"wp:attachment":[{"href":"https:\/\/www.adox.de\/wp-json\/wp\/v2\/media?parent=7163"}],"curies":[{"name":"wp","href":"https:\/\/api.w.org\/{rel}","templated":true}]}}