{"id":4903,"date":"2016-03-16T12:16:26","date_gmt":"2016-03-16T10:16:26","guid":{"rendered":"https:\/\/adox.eu\/Photo\/?page_id=4903"},"modified":"2021-06-03T14:08:54","modified_gmt":"2021-06-03T12:08:54","slug":"adox-lupex-per-stampa-a-contatto","status":"publish","type":"page","link":"https:\/\/www.adox.de\/adox-lupex-per-stampa-a-contatto\/","title":{"rendered":"ADOX LUPEX Per Stampa A Contatto"},"content":{"rendered":"\n<div class=\"wp-block-columns is-layout-flex wp-container-core-columns-is-layout-9d6595d7 wp-block-columns-is-layout-flex\">\n<div class=\"wp-block-column is-layout-flow wp-block-column-is-layout-flow\" style=\"flex-basis:33.33%\">\n<figure class=\"wp-block-image size-large\"><img decoding=\"async\" src=\"https:\/\/www.fotoimpex.de\/shop\/images\/products\/main\/ADOX_Lupex.jpg\" alt=\"\"\/><\/figure>\n<\/div>\n\n\n\n<div class=\"wp-block-column is-layout-flow wp-block-column-is-layout-flow\" style=\"flex-basis:66.66%\">\n<p><strong>Carta speciale per stampa a&nbsp; contatto di negativi di grande formato<\/strong><\/p>\n\n\n\n<p>La nuova Adox Lupex \u00e8 una carta fotografica a bassa sensibilit\u00e0 con un emulsione al cloruro d&#8217;argento. Sostituisce la Kodak Azo e Fomalux.<\/p>\n\n\n\n<p>La sensibilit\u00e0 \u00e8 di circa 8 stop inferiore alla Adox MCC e restituisce delle immagini con grana finissima e ad alta risoluzione, proprio come i vostri negativi di grande formato.<\/p>\n\n\n\n<p>La stampa a contatto avviene posizionando il negativo a contatto con la carta ed utilizzando una fonte di luce intensa, senza l&#8217;ausilio di un ingranditore. Non essendoci il passaggio dell&#8217;immagine attraverso l&#8217;obbiettivo dell&#8217;ingranditore, questo metodo permette di ottenere delle immagini estremamente nitide, dalla grana invisibile e con una resa tonale superiore. La bassa sensibilit\u00e0 di questa carta \u00e8 sconsigliata per i normali processi di ingrandimento.<\/p>\n\n\n\n<p>Emulsione: Cloruro d&#8217;argento<\/p>\n\n\n\n<p>Sensibilit\u00e0: Molto bassa<\/p>\n\n\n\n<p>Risoluzione: Molto alta<\/p>\n\n\n\n<p>Gradazione: Normale (3)<\/p>\n\n\n\n<p>Supporto: Carta in fibra baritata 255 grammi<\/p>\n\n\n\n<p>Capacit\u00e0 di conservazione: Almeno 3 anni dalla data di produzione indicata sulla confezione.<\/p>\n\n\n\n<p><\/p>\n\n\n\n<figure class=\"wp-block-image\"><a href=\"https:\/\/adox.eu\/Technical_Informations\/TA_Lupex(DE).pdf\"><img decoding=\"async\" width=\"121\" height=\"48\" src=\"https:\/\/adox.eu\/wp-content\/uploads\/2013\/12\/Download_FactSheet1.png\" alt=\"Download_FactSheet\" class=\"wp-image-373\"\/><\/a><\/figure>\n<\/div>\n<\/div>\n","protected":false},"excerpt":{"rendered":"<p>Carta speciale per stampa a&nbsp; contatto di negativi di grande formato La nuova Adox Lupex \u00e8 una carta fotografica a bassa sensibilit\u00e0 con un emulsione al cloruro d&#8217;argento. Sostituisce la Kodak Azo e Fomalux. La sensibilit\u00e0 \u00e8 di circa 8 stop inferiore alla Adox MCC e restituisce delle immagini con grana finissima e ad alta&#8230;<\/p>\n","protected":false},"author":5,"featured_media":0,"parent":0,"menu_order":0,"comment_status":"closed","ping_status":"closed","template":"","meta":{"footnotes":""},"class_list":["post-4903","page","type-page","status-publish","hentry"],"_links":{"self":[{"href":"https:\/\/www.adox.de\/wp-json\/wp\/v2\/pages\/4903","targetHints":{"allow":["GET"]}}],"collection":[{"href":"https:\/\/www.adox.de\/wp-json\/wp\/v2\/pages"}],"about":[{"href":"https:\/\/www.adox.de\/wp-json\/wp\/v2\/types\/page"}],"author":[{"embeddable":true,"href":"https:\/\/www.adox.de\/wp-json\/wp\/v2\/users\/5"}],"replies":[{"embeddable":true,"href":"https:\/\/www.adox.de\/wp-json\/wp\/v2\/comments?post=4903"}],"version-history":[{"count":7,"href":"https:\/\/www.adox.de\/wp-json\/wp\/v2\/pages\/4903\/revisions"}],"predecessor-version":[{"id":9083,"href":"https:\/\/www.adox.de\/wp-json\/wp\/v2\/pages\/4903\/revisions\/9083"}],"wp:attachment":[{"href":"https:\/\/www.adox.de\/wp-json\/wp\/v2\/media?parent=4903"}],"curies":[{"name":"wp","href":"https:\/\/api.w.org\/{rel}","templated":true}]}}