{"id":1647,"date":"2014-02-07T21:44:52","date_gmt":"2014-02-07T19:44:52","guid":{"rendered":"https:\/\/adox.eu\/Photo\/?page_id=1647"},"modified":"2021-06-06T18:48:27","modified_gmt":"2021-06-06T16:48:27","slug":"labtime-mini","status":"publish","type":"page","link":"https:\/\/www.adox.de\/labtime-mini\/","title":{"rendered":"Labtime Mini"},"content":{"rendered":"\t\t<div data-elementor-type=\"wp-page\" data-elementor-id=\"1647\" class=\"elementor elementor-1647\">\n\t\t\t\t\t\t<section class=\"elementor-section elementor-top-section elementor-element elementor-element-1803354 elementor-section-boxed elementor-section-height-default elementor-section-height-default parallax_section_no qode_elementor_container_no\" data-id=\"1803354\" data-element_type=\"section\" data-e-type=\"section\">\n\t\t\t\t\t\t<div class=\"elementor-container elementor-column-gap-default\">\n\t\t\t\t\t<div class=\"elementor-column elementor-col-50 elementor-top-column elementor-element elementor-element-5bb9f27\" data-id=\"5bb9f27\" data-element_type=\"column\" data-e-type=\"column\">\n\t\t\t<div class=\"elementor-widget-wrap elementor-element-populated\">\n\t\t\t\t\t\t<div class=\"elementor-element elementor-element-ad5816e elementor-widget elementor-widget-image\" data-id=\"ad5816e\" data-element_type=\"widget\" data-e-type=\"widget\" data-widget_type=\"image.default\">\n\t\t\t\t<div class=\"elementor-widget-container\">\n\t\t\t\t\t\t\t\t\t\t\t\t\t\t\t<img fetchpriority=\"high\" decoding=\"async\" width=\"1024\" height=\"1024\" src=\"https:\/\/www.adox.de\/wp-content\/uploads\/2014\/02\/ADOX_LABTIME_MINI-1024x1024.jpg\" class=\"attachment-large size-large wp-image-5464\" alt=\"\" srcset=\"https:\/\/www.adox.de\/wp-content\/uploads\/2014\/02\/ADOX_LABTIME_MINI-1024x1024.jpg 1024w, https:\/\/www.adox.de\/wp-content\/uploads\/2014\/02\/ADOX_LABTIME_MINI-150x150.jpg 150w, https:\/\/www.adox.de\/wp-content\/uploads\/2014\/02\/ADOX_LABTIME_MINI-300x300.jpg 300w, https:\/\/www.adox.de\/wp-content\/uploads\/2014\/02\/ADOX_LABTIME_MINI-768x768.jpg 768w, https:\/\/www.adox.de\/wp-content\/uploads\/2014\/02\/ADOX_LABTIME_MINI-520x520.jpg 520w, https:\/\/www.adox.de\/wp-content\/uploads\/2014\/02\/ADOX_LABTIME_MINI-212x212.jpg 212w, https:\/\/www.adox.de\/wp-content\/uploads\/2014\/02\/ADOX_LABTIME_MINI.jpg 1200w\" sizes=\"(max-width: 1024px) 100vw, 1024px\" \/>\t\t\t\t\t\t\t\t\t\t\t\t\t\t\t<\/div>\n\t\t\t\t<\/div>\n\t\t\t\t\t<\/div>\n\t\t<\/div>\n\t\t\t\t<div class=\"elementor-column elementor-col-50 elementor-top-column elementor-element elementor-element-66b6ec3\" data-id=\"66b6ec3\" data-element_type=\"column\" data-e-type=\"column\">\n\t\t\t<div class=\"elementor-widget-wrap elementor-element-populated\">\n\t\t\t\t\t\t<div class=\"elementor-element elementor-element-cd70f4e elementor-widget elementor-widget-text-editor\" data-id=\"cd70f4e\" data-element_type=\"widget\" data-e-type=\"widget\" data-widget_type=\"text-editor.default\">\n\t\t\t\t<div class=\"elementor-widget-container\">\n\t\t\t\t\t\t\t\t\t<h2>Stoppuhr\/Timer<\/h2><h5>Der universelle Timer f\u00fcr viele Aufgaben im Chemie-\u00a0und Fotolabor.<\/h5><p>Die ADOX LABTIME MINI kann sowohl vorw\u00e4rts als auch r\u00fcckw\u00e4rts z\u00e4hlen. Sie k\u00f6nnen so wahlweise die Zeit messen welche bis zum Eintritt eines Ereignisses abl\u00e4uft (COUNT-UP) oder eine vorgew\u00e4hlte Zeit ablaufen lassen (TIMER) und dann einen Prozess bei Ablauf stoppen oder messen. Bei der TIMER-Funktion kann die Vorwahl gespeichert werden, so dass der Countdown beliebig oft wiederholt werden kann. Dazu ben\u00f6tigen Sie drei Tastendr\u00fccke: STOP (stoppt den alten Countdown), MEMORY (f\u00fchrt den R\u00fccksprung auf die vorgew\u00e4hlte Zeit aus) und START um den neuen Prozess zu stoppen. Auf der R\u00fcckseite der LABTIME MINI sind 4 Gummif\u00fc\u00dfchen angebracht, so dass diese Tastenkombination einh\u00e4ndig durchgef\u00fchrt werden kann wenn die LABTIME MINI auf einer stabilen Unterlage liegt. Im Fotolabor k\u00f6nnen Sie die LABTIME MINI z.B. f\u00fcr folgende Aufgaben einsetzen:<\/p><ul><li>Belichtungssteuerung ohne Schaltuhr (Funktion TIMER, z.B. 30 Sec. Mit MEMORY merken Sie sich die letzte Zeit)<\/li><li>Papierentwicklung konstant halten (Funktion TIMER z.B. 2 Minuten countdown und beliebig mit MEMORY wiederholen)<\/li><li>Filmentwickeln (Funktion TIMER z.B. 7:30 Minuten countdown ohne Wiederholung)<\/li><li>W\u00e4sserungszeit stoppen (Funktion Stoppuhr &#8220;COUNT-UP&#8221;)<\/li><\/ul><p>Alarm setzen wann man den letzten Print ins W\u00e4ssern geben sollte (Funktion Wecker 30 Minuten vor geplantem Labortag-Ende setzen).<\/p>\t\t\t\t\t\t\t\t<\/div>\n\t\t\t\t<\/div>\n\t\t\t\t<div class=\"elementor-element elementor-element-a22d01a elementor-widget elementor-widget-bridge_button\" data-id=\"a22d01a\" data-element_type=\"widget\" data-e-type=\"widget\" data-widget_type=\"bridge_button.default\">\n\t\t\t\t<div class=\"elementor-widget-container\">\n\t\t\t\t\t<a  itemprop=\"url\" href=\"\/Hardware\/LabtimeMini\/Anleitung_LABTIME_MINI_DE.pdf\" target=\"_self\"  class=\"qbutton  default\" style=\"\">Bedienungsanleitung<\/a>\t\t\t\t<\/div>\n\t\t\t\t<\/div>\n\t\t\t\t\t<\/div>\n\t\t<\/div>\n\t\t\t\t\t<\/div>\n\t\t<\/section>\n\t\t\t\t<section class=\"elementor-section elementor-top-section elementor-element elementor-element-b200049 elementor-section-boxed elementor-section-height-default elementor-section-height-default parallax_section_no qode_elementor_container_no\" data-id=\"b200049\" data-element_type=\"section\" data-e-type=\"section\">\n\t\t\t\t\t\t<div class=\"elementor-container elementor-column-gap-default\">\n\t\t\t\t\t<div class=\"elementor-column elementor-col-100 elementor-top-column elementor-element elementor-element-e864915\" data-id=\"e864915\" data-element_type=\"column\" data-e-type=\"column\">\n\t\t\t<div class=\"elementor-widget-wrap elementor-element-populated\">\n\t\t\t\t\t\t<div class=\"elementor-element elementor-element-e5373fb elementor-widget elementor-widget-spacer\" data-id=\"e5373fb\" data-element_type=\"widget\" data-e-type=\"widget\" data-widget_type=\"spacer.default\">\n\t\t\t\t<div class=\"elementor-widget-container\">\n\t\t\t\t\t\t\t<div class=\"elementor-spacer\">\n\t\t\t<div class=\"elementor-spacer-inner\"><\/div>\n\t\t<\/div>\n\t\t\t\t\t\t<\/div>\n\t\t\t\t<\/div>\n\t\t\t\t\t<\/div>\n\t\t<\/div>\n\t\t\t\t\t<\/div>\n\t\t<\/section>\n\t\t\t\t<\/div>\n\t\t","protected":false},"excerpt":{"rendered":"<p>Stoppuhr\/Timer Der universelle Timer f\u00fcr viele Aufgaben im Chemie-\u00a0und Fotolabor. Die ADOX LABTIME MINI kann sowohl vorw\u00e4rts als auch r\u00fcckw\u00e4rts z\u00e4hlen. Sie k\u00f6nnen so wahlweise die Zeit messen welche bis zum Eintritt eines Ereignisses abl\u00e4uft (COUNT-UP) oder eine vorgew\u00e4hlte Zeit ablaufen lassen (TIMER) und dann einen Prozess bei Ablauf stoppen oder messen. Bei der TIMER-Funktion&#8230;<\/p>\n","protected":false},"author":1,"featured_media":0,"parent":0,"menu_order":0,"comment_status":"closed","ping_status":"closed","template":"","meta":{"footnotes":""},"class_list":["post-1647","page","type-page","status-publish","hentry"],"_links":{"self":[{"href":"https:\/\/www.adox.de\/wp-json\/wp\/v2\/pages\/1647","targetHints":{"allow":["GET"]}}],"collection":[{"href":"https:\/\/www.adox.de\/wp-json\/wp\/v2\/pages"}],"about":[{"href":"https:\/\/www.adox.de\/wp-json\/wp\/v2\/types\/page"}],"author":[{"embeddable":true,"href":"https:\/\/www.adox.de\/wp-json\/wp\/v2\/users\/1"}],"replies":[{"embeddable":true,"href":"https:\/\/www.adox.de\/wp-json\/wp\/v2\/comments?post=1647"}],"version-history":[{"count":15,"href":"https:\/\/www.adox.de\/wp-json\/wp\/v2\/pages\/1647\/revisions"}],"predecessor-version":[{"id":10652,"href":"https:\/\/www.adox.de\/wp-json\/wp\/v2\/pages\/1647\/revisions\/10652"}],"wp:attachment":[{"href":"https:\/\/www.adox.de\/wp-json\/wp\/v2\/media?parent=1647"}],"curies":[{"name":"wp","href":"https:\/\/api.w.org\/{rel}","templated":true}]}}