{"id":13813,"date":"2024-08-01T20:32:50","date_gmt":"2024-08-01T18:32:50","guid":{"rendered":"https:\/\/adox.eu\/?page_id=13813"},"modified":"2024-10-21T22:59:32","modified_gmt":"2024-10-21T20:59:32","slug":"adox-d-76","status":"publish","type":"page","link":"https:\/\/www.adox.de\/adox-d-76\/","title":{"rendered":"ADOX D-76 ECO"},"content":{"rendered":"\t\t<div data-elementor-type=\"wp-page\" data-elementor-id=\"13813\" class=\"elementor elementor-13813\">\n\t\t\t\t\t\t<section class=\"elementor-section elementor-top-section elementor-element elementor-element-53da7f5 elementor-section-boxed elementor-section-height-default elementor-section-height-default parallax_section_no qode_elementor_container_no\" data-id=\"53da7f5\" data-element_type=\"section\" data-e-type=\"section\">\n\t\t\t\t\t\t<div class=\"elementor-container elementor-column-gap-default\">\n\t\t\t\t\t<div class=\"elementor-column elementor-col-50 elementor-top-column elementor-element elementor-element-337f0f6\" data-id=\"337f0f6\" data-element_type=\"column\" data-e-type=\"column\">\n\t\t\t<div class=\"elementor-widget-wrap elementor-element-populated\">\n\t\t\t\t\t\t<div class=\"elementor-element elementor-element-35f4a93 elementor-widget elementor-widget-image\" data-id=\"35f4a93\" data-element_type=\"widget\" data-e-type=\"widget\" data-widget_type=\"image.default\">\n\t\t\t\t<div class=\"elementor-widget-container\">\n\t\t\t\t\t\t\t\t\t\t\t\t\t\t\t<img fetchpriority=\"high\" decoding=\"async\" width=\"1024\" height=\"1024\" src=\"https:\/\/www.adox.de\/wp-content\/uploads\/2024\/10\/D-76_ECO_1000-1024x1024.png\" class=\"attachment-large size-large wp-image-14055\" alt=\"\" srcset=\"https:\/\/www.adox.de\/wp-content\/uploads\/2024\/10\/D-76_ECO_1000-1024x1024.png 1024w, https:\/\/www.adox.de\/wp-content\/uploads\/2024\/10\/D-76_ECO_1000-300x300.png 300w, https:\/\/www.adox.de\/wp-content\/uploads\/2024\/10\/D-76_ECO_1000-150x150.png 150w, https:\/\/www.adox.de\/wp-content\/uploads\/2024\/10\/D-76_ECO_1000-768x768.png 768w, https:\/\/www.adox.de\/wp-content\/uploads\/2024\/10\/D-76_ECO_1000-1536x1536.png 1536w, https:\/\/www.adox.de\/wp-content\/uploads\/2024\/10\/D-76_ECO_1000-2048x2048.png 2048w, https:\/\/www.adox.de\/wp-content\/uploads\/2024\/10\/D-76_ECO_1000-570x570.png 570w, https:\/\/www.adox.de\/wp-content\/uploads\/2024\/10\/D-76_ECO_1000-500x500.png 500w, https:\/\/www.adox.de\/wp-content\/uploads\/2024\/10\/D-76_ECO_1000-1000x1000.png 1000w, https:\/\/www.adox.de\/wp-content\/uploads\/2024\/10\/D-76_ECO_1000-700x700.png 700w, https:\/\/www.adox.de\/wp-content\/uploads\/2024\/10\/D-76_ECO_1000-650x650.png 650w, https:\/\/www.adox.de\/wp-content\/uploads\/2024\/10\/D-76_ECO_1000-1300x1300.png 1300w\" sizes=\"(max-width: 1024px) 100vw, 1024px\" \/>\t\t\t\t\t\t\t\t\t\t\t\t\t\t\t<\/div>\n\t\t\t\t<\/div>\n\t\t\t\t\t<\/div>\n\t\t<\/div>\n\t\t\t\t<div class=\"elementor-column elementor-col-50 elementor-top-column elementor-element elementor-element-22898d0\" data-id=\"22898d0\" data-element_type=\"column\" data-e-type=\"column\">\n\t\t\t<div class=\"elementor-widget-wrap elementor-element-populated\">\n\t\t\t\t\t\t<div class=\"elementor-element elementor-element-2a10c5b elementor-widget elementor-widget-text-editor\" data-id=\"2a10c5b\" data-element_type=\"widget\" data-e-type=\"widget\" data-widget_type=\"text-editor.default\">\n\t\t\t\t<div class=\"elementor-widget-container\">\n\t\t\t\t\t\t\t\t\t<h2>ADOX D-76 ECO<\/h2><p>Dieses kist die Webseite zum ADOX D-76 ECO. Wenn Sie die identische Version zum Original suchen, finden Sie diese <a href=\"\/Photo\/adox-d-76-classic\/\">hier<\/a>.<\/p><p>Das Kodak Rezept &#8220;Developer-76&#8221; ist der Klassiker schlechthin. <br \/>In D-76 wurden im Westen die gro\u00dfen Nachkriegs- S\/W Reportagen entwickelt. Im Osten verwendete man F19 und in England den ID-11. Alle diese Entwickler basieren auf dem D-76 Rezept von Kodak.<\/p><p>In der neuesten Version von ADOX wurde er umweltfreundlicher und sicherer f\u00fcr den Anwender gestaltet.<br \/>Au\u00dferdem wurde die L\u00f6slichkeit verbessert so dass er jetzt schon ab 29\u00b0C angesetzt werden kann.<br \/>Das ist die erste Rezeptanpassung seit \u00fcber 50 Jahren.<br \/>Die Ergebnisse und die Ausnutzbarkeit sind identisch mit der alten Rezeptur.<\/p><p>Im einzelnen wurden:<\/p><p>&#8211; die Borate durch einen ungiftigen und biologisch abbaubaren Puffer ersetzt<br \/>&#8211; ein neuer biologisch abbaubarer Komplexbildner wurde hinzugef\u00fcgt<br \/>&#8211; ADOX CAPTURA ist hinzugef\u00fcgt, damit sich das Pulver schneller l\u00f6st und beim Ansatz nicht staubt<br \/>&#8211; L\u00f6slich ab 29\u00b0C so dass weniger Abk\u00fchlen nach dem Ansatz notwendig ist (besonders relevant f\u00fcr w\u00e4rmere Gebiete)<\/p><p>In dieser Form ist D-76 zukunftsfest und kann entspannt den kommenden EU Regulierungen entgegen sehen.<\/p><p>D-76 ist ein universeller, einfach zu verwendender Filmentwickler mit einer sehr guten Empfindlichkeitsausnutzung und feinem Korn.<\/p><p>Kapazit\u00e4t: bis zu 16 KB oder Mittelformat Filme mit Zeitverl\u00e4ngerung.<\/p><h6>Mit dem Verkauf der Kodak Chemiesparte an chinesische Investoren in 2020, hat ADOX ein Programm zur &#8220;Sicherung der Verf\u00fcgbarkeit&#8221; der legend\u00e4ren Kodak Fotochemikalien gestartet. Dabei analysiert ADOX die Rezepturen und bringt sie auf einen modernen Standard. ADOX produziert in Deutschland in der eigenen Fabrik und f\u00fchrt am Standort sowohl die Forschung als auch die Qualit\u00e4tskontrolle durch.<\/h6><div>\u00a0<\/div><div>\u00a0<\/div>\t\t\t\t\t\t\t\t<\/div>\n\t\t\t\t<\/div>\n\t\t\t\t\t<\/div>\n\t\t<\/div>\n\t\t\t\t\t<\/div>\n\t\t<\/section>\n\t\t\t\t<section class=\"elementor-section elementor-top-section elementor-element elementor-element-d18c524 elementor-section-boxed elementor-section-height-default elementor-section-height-default parallax_section_no qode_elementor_container_no\" data-id=\"d18c524\" data-element_type=\"section\" data-e-type=\"section\">\n\t\t\t\t\t\t<div class=\"elementor-container elementor-column-gap-default\">\n\t\t\t\t\t<div class=\"elementor-column elementor-col-100 elementor-top-column elementor-element elementor-element-60b0166\" data-id=\"60b0166\" data-element_type=\"column\" data-e-type=\"column\">\n\t\t\t<div class=\"elementor-widget-wrap elementor-element-populated\">\n\t\t\t\t\t\t<div class=\"elementor-element elementor-element-4489fd6 elementor-widget elementor-widget-qi_addons_for_elementor_call_to_action\" data-id=\"4489fd6\" data-element_type=\"widget\" data-e-type=\"widget\" data-widget_type=\"qi_addons_for_elementor_call_to_action.default\">\n\t\t\t\t<div class=\"elementor-widget-container\">\n\t\t\t\t\t<div class=\"qodef-shortcode qodef-m qodef-qi-call-to-action qodef-layout--standard\">\n\t<div class=\"qodef-m-inner\">\n\t\t<div class=\"qodef-m-content\">\n\t\t\t<h5 class=\"qodef-m-title\">\n\t\t\tADOX D-76 ECO Kaufen\t\t<\/h5>\n\t\t\t\t<div class=\"qodef-m-text\">\n\t\t\tGehen Sie in den Webshop unseres Distributors FOTOIMPEX um D-76 jetzt zu kaufen.\t\t<\/div>\n\t<\/div>\n\t\t\t<div class=\"qodef-m-button\">\n\t\t<a class=\"qodef-shortcode qodef-m qodef-qi-button qodef-html--link qodef-layout--filled qodef-type--standard qodef-icon--right qodef-hover--icon-move-horizontal-short\" href=\"https:\/\/www.fotoimpex.de\/shop\/fotochemie\/adox-d-76-eco-filmentwickler-zum-ansatz-von-1000-ml.html\" target=\"_self\">\t<span class=\"qodef-m-text\">Jetzt Kaufen<\/span>\t<\/a>\t<\/div>\n\t\t\t<\/div>\n<\/div>\n\t\t\t\t<\/div>\n\t\t\t\t<\/div>\n\t\t\t\t\t<\/div>\n\t\t<\/div>\n\t\t\t\t\t<\/div>\n\t\t<\/section>\n\t\t\t\t<section class=\"elementor-section elementor-top-section elementor-element elementor-element-b409c1b elementor-section-boxed elementor-section-height-default elementor-section-height-default parallax_section_no qode_elementor_container_no\" data-id=\"b409c1b\" data-element_type=\"section\" data-e-type=\"section\">\n\t\t\t\t\t\t<div class=\"elementor-container elementor-column-gap-default\">\n\t\t\t\t\t<div class=\"elementor-column elementor-col-100 elementor-top-column elementor-element elementor-element-27d9698\" data-id=\"27d9698\" data-element_type=\"column\" data-e-type=\"column\">\n\t\t\t<div class=\"elementor-widget-wrap\">\n\t\t\t\t\t\t\t<\/div>\n\t\t<\/div>\n\t\t\t\t\t<\/div>\n\t\t<\/section>\n\t\t\t\t<section class=\"elementor-section elementor-top-section elementor-element elementor-element-c633614 elementor-section-boxed elementor-section-height-default elementor-section-height-default parallax_section_no qode_elementor_container_no\" data-id=\"c633614\" data-element_type=\"section\" data-e-type=\"section\">\n\t\t\t\t\t\t<div class=\"elementor-container elementor-column-gap-default\">\n\t\t\t\t\t<div class=\"elementor-column elementor-col-100 elementor-top-column elementor-element elementor-element-9728c59\" data-id=\"9728c59\" data-element_type=\"column\" data-e-type=\"column\">\n\t\t\t<div class=\"elementor-widget-wrap elementor-element-populated\">\n\t\t\t\t\t\t<div class=\"elementor-element elementor-element-f9a68d3 elementor-widget elementor-widget-accordion\" data-id=\"f9a68d3\" data-element_type=\"widget\" data-e-type=\"widget\" data-widget_type=\"accordion.default\">\n\t\t\t\t<div class=\"elementor-widget-container\">\n\t\t\t\t\t\t\t<div class=\"elementor-accordion\">\n\t\t\t\t\t\t\t<div class=\"elementor-accordion-item\">\n\t\t\t\t\t<div id=\"elementor-tab-title-2611\" class=\"elementor-tab-title\" data-tab=\"1\" role=\"button\" aria-controls=\"elementor-tab-content-2611\" aria-expanded=\"false\">\n\t\t\t\t\t\t\t\t\t\t\t\t\t<span class=\"elementor-accordion-icon elementor-accordion-icon-left\" aria-hidden=\"true\">\n\t\t\t\t\t\t\t\t\t\t\t\t\t\t\t<span class=\"elementor-accordion-icon-closed\"><i class=\"fas fa-plus\"><\/i><\/span>\n\t\t\t\t\t\t\t\t<span class=\"elementor-accordion-icon-opened\"><i class=\"fas fa-minus\"><\/i><\/span>\n\t\t\t\t\t\t\t\t\t\t\t\t\t\t<\/span>\n\t\t\t\t\t\t\t\t\t\t\t\t<a class=\"elementor-accordion-title\" tabindex=\"0\">Pr\u00fcfung des Produktes vor der Verwendung<\/a>\n\t\t\t\t\t<\/div>\n\t\t\t\t\t<div id=\"elementor-tab-content-2611\" class=\"elementor-tab-content elementor-clearfix\" data-tab=\"1\" role=\"region\" aria-labelledby=\"elementor-tab-title-2611\"><p>D-76 wird klassischerweise als 1-Part konfektioniert. Das macht <a href=\"https:\/\/www.adox.eu\/Photo\/wp-content\/uploads\/2024\/08\/IMG_6652-scaled.jpeg\"><img decoding=\"async\" class=\"alignleft wp-image-13825 size-thumbnail\" src=\"https:\/\/www.adox.eu\/Photo\/wp-content\/uploads\/2024\/08\/IMG_6652-scaled-e1722591477589-150x150.jpeg\" alt=\"\" width=\"150\" height=\"150\" srcset=\"https:\/\/www.adox.de\/wp-content\/uploads\/2024\/08\/IMG_6652-scaled-e1722591477589-150x150.jpeg 150w, https:\/\/www.adox.de\/wp-content\/uploads\/2024\/08\/IMG_6652-scaled-e1722591477589-570x570.jpeg 570w, https:\/\/www.adox.de\/wp-content\/uploads\/2024\/08\/IMG_6652-scaled-e1722591477589-500x500.jpeg 500w, https:\/\/www.adox.de\/wp-content\/uploads\/2024\/08\/IMG_6652-scaled-e1722591477589-1000x1000.jpeg 1000w, https:\/\/www.adox.de\/wp-content\/uploads\/2024\/08\/IMG_6652-scaled-e1722591477589-650x650.jpeg 650w, https:\/\/www.adox.de\/wp-content\/uploads\/2024\/08\/IMG_6652-scaled-e1722591477589-1300x1300.jpeg 1300w\" sizes=\"(max-width: 150px) 100vw, 150px\" \/><\/a>ihn relativ preiswert in der Herstellung und leicht anzusetzen. Durch das Verbot gewisser Chemikalien seitens der EU in 2014, ist dieses bei Entwicklern zunehmend herausfordernder geworden. ADOX beugt dem durch aufbringen eines Vakuums in der Verpackung vor. Dennoch bleibt die Haltbarkeit begrenzt und wir garantieren 2 Jahre ab Produktionsdatum. Bitte pr\u00fcfen Sie ihren Entwickler vor der Verwendung. Die links abgebildetet Packung ist v\u00f6llig in Ordnung, das Pulver erscheint weiss und die angesetzte L\u00f6sung sollte ebenfalls klar oder leicht gelblich sein.<\/p><p><a href=\"https:\/\/www.adox.eu\/Photo\/wp-content\/uploads\/2024\/08\/170B5DA9-48DD-4248-8FBB-9B96A8448421_1_102_o.jpeg\"><img decoding=\"async\" class=\"wp-image-13826 size-thumbnail alignright\" src=\"https:\/\/www.adox.eu\/Photo\/wp-content\/uploads\/2024\/08\/170B5DA9-48DD-4248-8FBB-9B96A8448421_1_102_o-e1722591518401-150x150.jpeg\" alt=\"\" width=\"150\" height=\"150\" srcset=\"https:\/\/www.adox.de\/wp-content\/uploads\/2024\/08\/170B5DA9-48DD-4248-8FBB-9B96A8448421_1_102_o-e1722591518401-150x150.jpeg 150w, https:\/\/www.adox.de\/wp-content\/uploads\/2024\/08\/170B5DA9-48DD-4248-8FBB-9B96A8448421_1_102_o-e1722591518401-570x570.jpeg 570w, https:\/\/www.adox.de\/wp-content\/uploads\/2024\/08\/170B5DA9-48DD-4248-8FBB-9B96A8448421_1_102_o-e1722591518401-500x500.jpeg 500w, https:\/\/www.adox.de\/wp-content\/uploads\/2024\/08\/170B5DA9-48DD-4248-8FBB-9B96A8448421_1_102_o-e1722591518401-1000x1000.jpeg 1000w, https:\/\/www.adox.de\/wp-content\/uploads\/2024\/08\/170B5DA9-48DD-4248-8FBB-9B96A8448421_1_102_o-e1722591518401-650x650.jpeg 650w, https:\/\/www.adox.de\/wp-content\/uploads\/2024\/08\/170B5DA9-48DD-4248-8FBB-9B96A8448421_1_102_o-e1722591518401-1300x1300.jpeg 1300w\" sizes=\"(max-width: 150px) 100vw, 150px\" \/><\/a><strong><span style=\"color: #ff0000;\">Sollte die Packung aber braune Kristalle aufweisen, ist der Entwickler nicht mehr zu verwenden und sollte verworfen werden.<\/span><\/strong><\/p><p>Das sieht dann in etwa so aus (siehe rechts). Die angesetzte L\u00f6sung wird dann br\u00e4unlich.<\/p><p>Sollte dieses innerhalb der 2 j\u00e4hrigen Garantie ab Herstelldatum passiert sein, kontaktieren Sie uns bitte f\u00fcr eine Ersatzlieferung.<\/p><\/div>\n\t\t\t\t<\/div>\n\t\t\t\t\t\t\t<div class=\"elementor-accordion-item\">\n\t\t\t\t\t<div id=\"elementor-tab-title-2612\" class=\"elementor-tab-title\" data-tab=\"2\" role=\"button\" aria-controls=\"elementor-tab-content-2612\" aria-expanded=\"false\">\n\t\t\t\t\t\t\t\t\t\t\t\t\t<span class=\"elementor-accordion-icon elementor-accordion-icon-left\" aria-hidden=\"true\">\n\t\t\t\t\t\t\t\t\t\t\t\t\t\t\t<span class=\"elementor-accordion-icon-closed\"><i class=\"fas fa-plus\"><\/i><\/span>\n\t\t\t\t\t\t\t\t<span class=\"elementor-accordion-icon-opened\"><i class=\"fas fa-minus\"><\/i><\/span>\n\t\t\t\t\t\t\t\t\t\t\t\t\t\t<\/span>\n\t\t\t\t\t\t\t\t\t\t\t\t<a class=\"elementor-accordion-title\" tabindex=\"0\">Ansatzhinweise<\/a>\n\t\t\t\t\t<\/div>\n\t\t\t\t\t<div id=\"elementor-tab-content-2612\" class=\"elementor-tab-content elementor-clearfix\" data-tab=\"2\" role=\"region\" aria-labelledby=\"elementor-tab-title-2612\"><p>ADOX D-76 l\u00f6st sich ab 29 Grad \u00b0C in Wasser. Das ist ein gro\u00dfer Vorteil gegen\u00fcber der traditionellen Rezeptur, da sich die Abk\u00fchlzeit auf 20\u00b0C verk\u00fcrzt. In Gebieten mit einer Au\u00dfentemperatur von &gt; 20\u00b0C wird dieser Vorteil noch bedeutender.\u00a0 F\u00fcllen Sie ein Ansatzgef\u00e4\u00df mit ca. 600ml (f\u00fcr die 5 Liter Packung 4.500ml) Wasser (&gt;29\u00b0C) und l\u00f6sen sie den Beutelinhalt auf. Sollten sich einzelne weisse Kristalle nicht l\u00f6sen, filtern Sie diese einfach durch ein Zewa oder einen Kaffefilter ab. F\u00fcllen Sie mit kaltem Wasser auf 1.000ml (respektive 5.000ml) auf. Danach m\u00fcssen sie den Entwickler auf 20\u00b0C abk\u00fchlen lassen um ihn zu verwenden.<\/p><\/div>\n\t\t\t\t<\/div>\n\t\t\t\t\t\t\t\t<\/div>\n\t\t\t\t\t\t<\/div>\n\t\t\t\t<\/div>\n\t\t\t\t\t<\/div>\n\t\t<\/div>\n\t\t\t\t\t<\/div>\n\t\t<\/section>\n\t\t\t\t<\/div>\n\t\t","protected":false},"excerpt":{"rendered":"<p>ADOX D-76 ECO Dieses kist die Webseite zum ADOX D-76 ECO. Wenn Sie die identische Version zum Original suchen, finden Sie diese hier. Das Kodak Rezept &#8220;Developer-76&#8221; ist der Klassiker schlechthin. In D-76 wurden im Westen die gro\u00dfen Nachkriegs- S\/W Reportagen entwickelt. Im Osten verwendete man F19 und in England den ID-11. Alle diese Entwickler&#8230;<\/p>\n","protected":false},"author":1,"featured_media":0,"parent":0,"menu_order":0,"comment_status":"closed","ping_status":"closed","template":"","meta":{"footnotes":""},"class_list":["post-13813","page","type-page","status-publish","hentry"],"_links":{"self":[{"href":"https:\/\/www.adox.de\/wp-json\/wp\/v2\/pages\/13813","targetHints":{"allow":["GET"]}}],"collection":[{"href":"https:\/\/www.adox.de\/wp-json\/wp\/v2\/pages"}],"about":[{"href":"https:\/\/www.adox.de\/wp-json\/wp\/v2\/types\/page"}],"author":[{"embeddable":true,"href":"https:\/\/www.adox.de\/wp-json\/wp\/v2\/users\/1"}],"replies":[{"embeddable":true,"href":"https:\/\/www.adox.de\/wp-json\/wp\/v2\/comments?post=13813"}],"version-history":[{"count":79,"href":"https:\/\/www.adox.de\/wp-json\/wp\/v2\/pages\/13813\/revisions"}],"predecessor-version":[{"id":14090,"href":"https:\/\/www.adox.de\/wp-json\/wp\/v2\/pages\/13813\/revisions\/14090"}],"wp:attachment":[{"href":"https:\/\/www.adox.de\/wp-json\/wp\/v2\/media?parent=13813"}],"curies":[{"name":"wp","href":"https:\/\/api.w.org\/{rel}","templated":true}]}}